{"id":581,"date":"2019-11-09T15:45:19","date_gmt":"2019-11-09T14:45:19","guid":{"rendered":"https:\/\/purehemp.pl\/?page_id=581"},"modified":"2020-09-01T13:24:21","modified_gmt":"2020-09-01T11:24:21","slug":"disclaimer","status":"publish","type":"page","link":"https:\/\/purehemp.pl\/en\/klauzula-wylaczenia-odpowiedzialnosci\/","title":{"rendered":"Exclusion of liability clause"},"content":{"rendered":"<h2>All material and content on this site provides publicly available information only, and in no way constitutes advice of any implied nature.<\/h2>\n<p>Therefore, before taking or refraining from any action based on this information, you should obtain appropriate professional or specialist medical advice, consult your doctor or a qualified health professional.<\/p>\n<p>The content of the articles on our blog and knowledge base are taken from publicly available sources and are provided for information purposes only. In no way do they constitute suggestions or advice on which you should rely. Nor are they in any way an alternative to specific medical advice.<\/p>\n<p>If you have any questions about any medical matter, you should consult your doctor or other professional health care provider immediately. Similarly, if you think you are suffering from any medical condition.<\/p>\n<h2>Statement<\/h2>\n<p>While we make every effort to compile accurate information in our articles and update them accordingly on our website, we make no express or implied warranties that the content of any section is accurate, complete or up-to-date.<\/p>\n<p>Although we take the view that every adult is free and has the right to make his or her own decisions about his or her life and health, we exclude any responsibility for the actions or inactions taken by the readers of our information service, blog or knowledge base.<\/p>","protected":false},"excerpt":{"rendered":"<p>Wszystkie materia\u0142y i tre\u015bci na tej stronie dostarczaj\u0105 jedynie og\u00f3lnodost\u0119pnych informacji, w \u017cadnym wypadku nie stanowi\u0105 porady o jakimkolwiek dorozumianym charakterze. Dlatego przed podj\u0119ciem lub powstrzymaniem si\u0119 od jakichkolwiek dzia\u0142a\u0144 opartych na tych informacjach, nale\u017cy uzyska\u0107 odpowiednie profesjonalne lub specjalistyczne porady medyczne, skonsultowa\u0107 si\u0119 z lekarzem lub wykwalifikowanym pracownikiem s\u0142u\u017cby zdrowia. Tre\u015bci artyku\u0142\u00f3w na naszym [&hellip;]<\/p>\n","protected":false},"author":1,"featured_media":0,"parent":0,"menu_order":0,"comment_status":"closed","ping_status":"closed","template":"","meta":{"footnotes":""},"class_list":["post-581","page","type-page","status-publish","hentry"],"acf":[],"_links":{"self":[{"href":"https:\/\/purehemp.pl\/en\/wp-json\/wp\/v2\/pages\/581","targetHints":{"allow":["GET"]}}],"collection":[{"href":"https:\/\/purehemp.pl\/en\/wp-json\/wp\/v2\/pages"}],"about":[{"href":"https:\/\/purehemp.pl\/en\/wp-json\/wp\/v2\/types\/page"}],"author":[{"embeddable":true,"href":"https:\/\/purehemp.pl\/en\/wp-json\/wp\/v2\/users\/1"}],"replies":[{"embeddable":true,"href":"https:\/\/purehemp.pl\/en\/wp-json\/wp\/v2\/comments?post=581"}],"version-history":[{"count":0,"href":"https:\/\/purehemp.pl\/en\/wp-json\/wp\/v2\/pages\/581\/revisions"}],"wp:attachment":[{"href":"https:\/\/purehemp.pl\/en\/wp-json\/wp\/v2\/media?parent=581"}],"curies":[{"name":"wp","href":"https:\/\/api.w.org\/{rel}","templated":true}]}}