{"id":508,"date":"2019-10-28T12:17:35","date_gmt":"2019-10-28T11:17:35","guid":{"rendered":"https:\/\/purehemp.pl\/?page_id=508"},"modified":"2024-02-03T19:35:02","modified_gmt":"2024-02-03T18:35:02","slug":"corporate-social-responsibility","status":"publish","type":"page","link":"https:\/\/purehemp.pl\/en\/odpowiedzialnosc-spoleczna-biznesu\/","title":{"rendered":"CSR"},"content":{"rendered":"<p><img decoding=\"async\" class=\"alignnone size-full wp-image-637\" src=\"https:\/\/purehemp.pl\/wp-content\/uploads\/2019\/11\/biznes-odpowiedzialny-spo\u0142ecznie.jpg\" alt=\"corporate social responsibility cbd - purehemp.co.uk\" width=\"1000\" height=\"667\" srcset=\"https:\/\/purehemp.pl\/wp-content\/uploads\/2019\/11\/biznes-odpowiedzialny-spo\u0142ecznie.jpg 1000w, https:\/\/purehemp.pl\/wp-content\/uploads\/2019\/11\/biznes-odpowiedzialny-spo\u0142ecznie-300x200.jpg 300w, https:\/\/purehemp.pl\/wp-content\/uploads\/2019\/11\/biznes-odpowiedzialny-spo\u0142ecznie-768x512.jpg 768w, https:\/\/purehemp.pl\/wp-content\/uploads\/2019\/11\/biznes-odpowiedzialny-spo\u0142ecznie-600x400.jpg 600w, https:\/\/purehemp.pl\/wp-content\/uploads\/2019\/11\/biznes-odpowiedzialny-spo\u0142ecznie-64x43.jpg 64w\" sizes=\"(max-width: 1000px) 100vw, 1000px\" \/><\/p>\n<p>Every day we ask ourselves, \"Why do we do what we do?\"<\/p>\n<p>Mission <a href=\"\/en\/\">CBD Shop<\/a> Purehemp.co.uk is to co-create and amplify a stream of energy that improves people's lives.<\/p>\n<p>This is what the hemp products on offer are all about, and we want to do our bit together with you to change the world around us for the better.<\/p>\n<p>Corporate social responsibility in the 21st century according to Purehemp.co.uk is not about subtle gestures and rigid philanthropic policies designed to maximise marketing and economic impact.<\/p>\n<p>A spontaneous, flexible and dynamic CSR geared to financially supporting selected community initiatives - including, and perhaps especially, local ones in the form of collections for treatment .<\/p>\n<p>This is why we have launched a feature that allows our customers to donate 1% of the value of their order to one of our selected online charities or non-profit organisations.<\/p>\n<h3><strong>How does the functionality work?<\/strong><\/h3>\n<p>Very simple. You add the products to your basket and proceed to finalise your order. You enter your shipping contact details and just below the 'Payment details' section you will find the 'Charity' section. From the drop-down list, you select one of five defined non-profit organisations to which we will donate 2% of the value of your paid, fulfilled and non-returned order.<\/p>\n<h3><strong>Does this mean I will pay more?<\/strong><\/h3>\n<p>Absolutely not! The donation comes from 2% part of our sales margin.<\/p>\n<h3><strong>Is the transfer to 2% of the value of my order voluntary?<\/strong><\/h3>\n<p>No. We wanted to do something more than others therefore <span style=\"text-decoration: underline;\">indication of the specific objective of the support is obligatory<\/span>. 2% of the value of your order is a portion of our merchant margin, which Purehemp.co.uk donates to one of our selected collections or non-profit organisations. It is up to your choice which fundraiser or organisation you support 1% of your order value. You buy, and together we help.<\/p>\n<h3><strong>Does the money go straight into the account of the chosen collection or non-profit organisation?<\/strong><\/h3>\n<p>No. We have to take into account the 14-day return period customers are entitled to by law for products purchased from our shop. Our system totals the amounts donated by allocating them to the relevant collections. We verify the sums of money raised in a given month for individual organisations and transfer them as donations by the 15th of the following month.<\/p>\n<h3><strong>What happens to the money when a collection is successful before the monthly settlement deadline ?<\/strong><\/h3>\n<p>Money collected for a cause for which the collection ends before the previous month's settlement date will be transferred to the next collection.<\/p>\n<h3><strong>Which organisations and collections do we currently support?<\/strong><\/h3>\n<p>At the moment, when shopping in our shop, you can choose one of the following collections or non-profit organisations:<\/p>\n<ul>\n<li><a href=\"https:\/\/www.siepomaga.pl\/mateusz-paszko\" rel=\"nofollow noopener\" target=\"_blank\">Rehabilitation of Mateusz Paszko<\/a><\/li>\n<\/ul>\n<p>The above list is bound to evolve over time.<\/p>","protected":false},"excerpt":{"rendered":"<p>Codziennie stawiamy sobie pytanie: &#8222;Dlaczego robimy to co robimy?&#8221; Misj\u0105 CBD Sklep Purehemp.pl jest wsp\u00f3\u0142tworzy\u0107 i wzmacnia\u0107 strumie\u0144 energii poprawiaj\u0105cej jako\u015b\u0107 \u017cycia ludzi. Tak\u0105 cech\u0119 maj\u0105 produkty konopne w naszej ofercie, a my chcemy przy okazji wsp\u00f3lnie z wami dok\u0142ada\u0107 cegie\u0142ki do zmiany otaczaj\u0105cego nas \u015bwiata na lepszy. Odpowiedzialno\u015b\u0107 spo\u0142eczna biznesu XXI wieku wg. Purehemp.pl [&hellip;]<\/p>\n","protected":false},"author":1,"featured_media":0,"parent":0,"menu_order":0,"comment_status":"closed","ping_status":"closed","template":"page-csr.php","meta":{"footnotes":""},"class_list":["post-508","page","type-page","status-publish","hentry"],"acf":[],"_links":{"self":[{"href":"https:\/\/purehemp.pl\/en\/wp-json\/wp\/v2\/pages\/508","targetHints":{"allow":["GET"]}}],"collection":[{"href":"https:\/\/purehemp.pl\/en\/wp-json\/wp\/v2\/pages"}],"about":[{"href":"https:\/\/purehemp.pl\/en\/wp-json\/wp\/v2\/types\/page"}],"author":[{"embeddable":true,"href":"https:\/\/purehemp.pl\/en\/wp-json\/wp\/v2\/users\/1"}],"replies":[{"embeddable":true,"href":"https:\/\/purehemp.pl\/en\/wp-json\/wp\/v2\/comments?post=508"}],"version-history":[{"count":0,"href":"https:\/\/purehemp.pl\/en\/wp-json\/wp\/v2\/pages\/508\/revisions"}],"wp:attachment":[{"href":"https:\/\/purehemp.pl\/en\/wp-json\/wp\/v2\/media?parent=508"}],"curies":[{"name":"wp","href":"https:\/\/api.w.org\/{rel}","templated":true}]}}