{"id":376,"date":"2019-09-11T14:22:51","date_gmt":"2019-09-11T12:22:51","guid":{"rendered":"https:\/\/purehemp.pl\/?page_id=376"},"modified":"2024-12-20T23:20:24","modified_gmt":"2024-12-20T22:20:24","slug":"wholesale-cbd-cooperation","status":"publish","type":"page","link":"https:\/\/purehemp.pl\/en\/hurt-cbd-wspolpraca\/","title":{"rendered":"Production, wholesale and cooperation"},"content":{"rendered":"<h2>Sell your products at Purehemp.co.uk<\/h2>\n<p>The Purehemp.co.uk shop is visited, and articles in the knowledge base and blog are currently read <strong>ok. 4 tysi\u0119cy klient\u00f3w miesi\u0119cznie<\/strong>.<\/p>\n<p>If you want your <a href=\"\/en\/produkty-konopne\/\">hemp products<\/a> have appeared on our virtual shop shelves it is worth you knowing that:<\/p>\n<ol>\n<li>We are looking for reliable dropshipping partners with a valuable product range to complement our shop range.<\/li>\n<li>We do not buy goods cheaply to sell them more expensively and we do not hold stock.<\/li>\n<li>Relationships in business are as important if not more important to us than money.<\/li>\n<li>You must send your order within max. 24 hours after receiving your order from us.<\/li>\n<\/ol>\n<h2>Cooperation with Purehemp.co.uk<\/h2>\n<p>Do you have an interesting, unusual or local idea for collaboration, advertising or promotion? Great!<\/p>\n<p>We like to commit our time and energy to niche ideas to promote the industry and advertise our brand.<\/p>\n<p>We are looking for authentic personalities with whom collaboration has significant potential for mutual benefit.<\/p>\n<p>We are also keen to collaborate with the expert blogosphere and influencers.<\/p>\n<p>Areas? Health, lifestyle, science, diet and healthy eating, medicine including alternative and natural medicine.<\/p>\n<p>The condition? A valuable, viable and committed audience.<\/p>\n<p>Write to us at <a href=\"mailto:kontakt@purehemp.pl\">kontakt@purehemp.pl<\/a>. Let's talk.<\/p>\n<h3>Who are we not working with?<\/h3>\n<ol>\n<li>With companies where employees are afraid of their manager or owner.<br \/>\nYou can sense it in a three-minute conversation, and a company managed by fear simply rots from within. We steer clear of such a business.<\/li>\n<li>With companies for whom cannabis is the ONLY product like any other.<br \/>\nHemp is too precious a gift of nature to treat hemp products on a par with washing powder. With all due respect to washing powders.<\/li>\n<li>With companies and people who say something different and do something different.<br \/>\nIf your <em>modus operandi<\/em> is about cunning and deceit then you have the wrong address. Waste your time and your life elsewhere<\/li>\n<\/ol>","protected":false},"excerpt":{"rendered":"<p>Sprzedawaj twoje produkty w Purehemp.pl Sklep Purehemp.pl odwiedza, a artyku\u0142y w bazie wiedzy i na blogu czyta obecnie ok. 4 tysi\u0119cy klient\u00f3w miesi\u0119cznie. Je\u015bli chcesz by twoje produkty konopne pojawi\u0142y si\u0119 na naszych wirtualnych sklepowych p\u00f3\u0142kach to warto \u017ceby\u015b wiedzia\u0142, \u017ce: Szukamy solidnych partner\u00f3w dropshippingowych z warto\u015bciow\u0105 ofert\u0105 produktow\u0105 uzupe\u0142niaj\u0105c\u0105 nasz asortyment sklepowy. Nie kupujemy [&hellip;]<\/p>\n","protected":false},"author":1,"featured_media":0,"parent":0,"menu_order":0,"comment_status":"closed","ping_status":"closed","template":"page-description.php","meta":{"footnotes":""},"class_list":["post-376","page","type-page","status-publish","hentry"],"acf":[],"_links":{"self":[{"href":"https:\/\/purehemp.pl\/en\/wp-json\/wp\/v2\/pages\/376","targetHints":{"allow":["GET"]}}],"collection":[{"href":"https:\/\/purehemp.pl\/en\/wp-json\/wp\/v2\/pages"}],"about":[{"href":"https:\/\/purehemp.pl\/en\/wp-json\/wp\/v2\/types\/page"}],"author":[{"embeddable":true,"href":"https:\/\/purehemp.pl\/en\/wp-json\/wp\/v2\/users\/1"}],"replies":[{"embeddable":true,"href":"https:\/\/purehemp.pl\/en\/wp-json\/wp\/v2\/comments?post=376"}],"version-history":[{"count":0,"href":"https:\/\/purehemp.pl\/en\/wp-json\/wp\/v2\/pages\/376\/revisions"}],"wp:attachment":[{"href":"https:\/\/purehemp.pl\/en\/wp-json\/wp\/v2\/media?parent=376"}],"curies":[{"name":"wp","href":"https:\/\/api.w.org\/{rel}","templated":true}]}}