{"id":2212,"date":"2020-08-18T19:49:52","date_gmt":"2020-08-18T17:49:52","guid":{"rendered":"https:\/\/purehemp.pl\/?page_id=2212"},"modified":"2021-12-23T22:21:33","modified_gmt":"2021-12-23T21:21:33","slug":"about-pure-hemp-cbd","status":"publish","type":"page","link":"https:\/\/purehemp.pl\/en\/o-pure-hemp-cbd\/","title":{"rendered":"About Pure Hemp CBD"},"content":{"rendered":"<h2>Purehemp.pl mission<\/h2>\n<hr style=\"height: 2px; border-width: 0; color: white; background-color: white;\" \/>\n<p style=\"text-align: center;\"><span style=\"color: #98cb62;\">To co-create and amplify a stream of energy that improves people's lives while remaining in harmony with God, science, nature and oneself.<\/span><\/p>\n<hr style=\"height: 2px; border-width: 0; color: white; background-color: white;\" \/>\n<h2>Our values build trust:<\/h2>\n<ol>\n<li>We love people and life<\/li>\n<li>We do no evil<\/li>\n<li>We seek the truth and reliable information<\/li>\n<li>We earn from authentic products and valuable partnerships<\/li>\n<li>We renounce manipulation<\/li>\n<li>We make good better<\/li>\n<li>We value scientific precision, artistic ingenuity and bold action<\/li>\n<\/ol>\n<hr \/>\n<h4 style=\"text-align: center;\">A trusted source of knowledge and proven hemp products<\/h4>\n<hr \/>\n<h3>Editorial and editorial process<\/h3>\n<p>The author of all texts, Konrad Dziekan, is responsible for the editorial process of the knowledge base and the blog.<\/p>\n<p><strong>Editorial process<\/strong> is relatively simple:<\/p>\n<ol>\n<li>Planning and research<\/li>\n<li>Writing an article<\/li>\n<li>Self-verification and self-correction<\/li>\n<li>Publication<\/li>\n<\/ol>\n<p>On average, it takes about eight hours of work to prepare a single article for publication.<\/p>\n<h2>What makes our editorial process different?<\/h2>\n<ol>\n<li><strong>Sound research<\/strong> - we draw on Polish and foreign, but always authoritative, sources of knowledge and information specialising in cannabis; we access and analyse the available results of scientific research covering a given topic, seeking confirmation of the theses and information presented.<\/li>\n<li>We analyse scientific research based on a method of reading scientific research developed by nutrition and dietary supplement specialists from the <a href=\"https:\/\/examine.com\/guides\/how-to-read-a-study\/\" rel=\"nofollow noopener\" target=\"_blank\">Examine.com - How to Read a Study<\/a>.<\/li>\n<li>We turn the difficult language of science into an easier to understand, accessible but still <strong>precise and substantive communication<\/strong>.<\/li>\n<li>We strive to regularly update the content we publish so that you can be sure that the<strong> the knowledge and information you read is always fresh and up to date<\/strong>.<\/li>\n<li>Any editorial errors that we catch ourselves or that our readers point out to us are immediately reviewed and corrected.<\/li>\n<li>In the future, we want to further enhance the credibility of published content by engaging experts in the field to review articles and proofread them.<\/li>\n<li>We minimise conflict of interest and bias by placing <strong>Your welfare before our particular interests<\/strong> - We believe it is possible and we strive to be living proof of this.<\/li>\n<\/ol>\n<h2>Topics covered in the blog and knowledge base<\/h2>\n<p>The content published on the pages of the knowledge base and blog has <strong>popular science<\/strong>and their aim is to popularise issues related to:<\/p>\n<ul>\n<li>mechanisms of action of cannabinoids,<\/li>\n<li>the use of cannabis in human life,<\/li>\n<li>physical and mental health,<\/li>\n<li>the functioning of the human body,<\/li>\n<li>diet and healthy eating,<\/li>\n<li>wellness and wellbeing in its broadest sense,<\/li>\n<li>psychology and personal development,<\/li>\n<li>the use of herbs and herbal medicine,<\/li>\n<li>less frequently, but nevertheless with the topics of biohacking and improving mental and physical performance.<\/li>\n<\/ul>\n<p>The articles are written by an enthusiast and enthusiastic writer, not by a team of health professionals. We do our best to ensure that everything you read on Purehemp.co.uk is part of the trend of reliable health journalism using the tools and elements of the so-called 'health journalism'. <strong>explanatory journalism<\/strong>. However, remember that it is always a good idea to consult your doctor, pharmacist or other health professional before making any decisions related to your health.<\/p>\n<p>We firmly believe that<strong> factual, valuable and user-friendly content<\/strong> is as essential to the achievement of our mission as the authentic and proven products offered by the <a href=\"\/en\/\">Pure Hemp CBD Shop<\/a>.<\/p>\n<h2>Pure Hemp brand quality<\/h2>\n<p>Pure Hemp products available in our shop are produced by professional companies specialising in contract manufacturing of products such as <a href=\"\/en\/cbd-oil\/\">cbd oil<\/a>, <a href=\"\/en\/hemp-cbd-capsules\/\">hemp capsules<\/a> or cosmetics made from hemp. By working with the best suppliers and manufacturers in the industry, we can in good conscience offer you high quality at a reasonable price and 100% confidence that you are buying a product that is in line with the expectations placed on this class of product.<\/p>\n<h4>What else is worth knowing about the quality of Pure Hemp products?<\/h4>\n<ul>\n<li>All Pure Hemp products are manufactured and tested under sterile laboratory conditions in Poland<\/li>\n<li>We also offer hemp oils produced in accordance with Good Manufacturing Practices (<strong>GMP - Good Manufacturing Practice<\/strong>)<\/li>\n<li><strong>We focus on authenticity<\/strong> which means you are buying tried and trusted products manufactured to the best industry standards<\/li>\n<li>We work with the best manufacturers to ensure that the products you buy are tested and safe<\/li>\n<li>We operate <strong>on the market for more than 2 years<\/strong>and from the feedback gathered during this time, it is clear that customers value and respect Pure Hemp for the great quality of its products and impeccable customer service.<\/li>\n<li>Although <strong>Pure Hemp is an independent brand owned by a small company<\/strong> it is our market position that allows us to provide <strong>always fresh oils with a long shelf life<\/strong> for consumption<\/li>\n<\/ul>\n<p>&nbsp;<\/p>\n\n\t\t<style type=\"text\/css\">\n\t\t\t#gallery-1 {\n\t\t\t\tmargin: auto;\n\t\t\t}\n\t\t\t#gallery-1 .gallery-item {\n\t\t\t\tfloat: left;\n\t\t\t\tmargin-top: 10px;\n\t\t\t\ttext-align: center;\n\t\t\t\twidth: 33%;\n\t\t\t}\n\t\t\t#gallery-1 img {\n\t\t\t\tborder: 2px solid #cfcfcf;\n\t\t\t}\n\t\t\t#gallery-1 .gallery-caption {\n\t\t\t\tmargin-left: 0;\n\t\t\t}\n\t\t\t\/* see gallery_shortcode() in wp-includes\/media.php *\/\n\t\t<\/style>\n\t\t<div id='gallery-1' class='gallery galleryid-2212 gallery-columns-3 gallery-size-full'><dl class='gallery-item'>\n\t\t\t<dt class='gallery-icon landscape'>\n\t\t\t\t<img decoding=\"async\" width=\"330\" height=\"330\" src=\"https:\/\/purehemp.pl\/wp-content\/uploads\/2021\/04\/i-am-still-learning.png\" class=\"attachment-full size-full\" alt=\"i am still learning - Michelangelo\" srcset=\"https:\/\/purehemp.pl\/wp-content\/uploads\/2021\/04\/i-am-still-learning.png 330w, https:\/\/purehemp.pl\/wp-content\/uploads\/2021\/04\/i-am-still-learning-300x300.png 300w, https:\/\/purehemp.pl\/wp-content\/uploads\/2021\/04\/i-am-still-learning-150x150.png 150w, https:\/\/purehemp.pl\/wp-content\/uploads\/2021\/04\/i-am-still-learning-100x100.png 100w, https:\/\/purehemp.pl\/wp-content\/uploads\/2021\/04\/i-am-still-learning-64x64.png 64w\" sizes=\"(max-width: 330px) 100vw, 330px\" \/>\n\t\t\t<\/dt><\/dl><dl class='gallery-item'>\n\t\t\t<dt class='gallery-icon landscape'>\n\t\t\t\t<img decoding=\"async\" width=\"330\" height=\"330\" src=\"https:\/\/purehemp.pl\/wp-content\/uploads\/2021\/04\/do-what-you-feel-in-your-heart-to-be-right-for-you-will-be-criticized-anyway.png\" class=\"attachment-full size-full\" alt=\"do what you feel in your heart to be right - for you will be criticized anyway - pure hemp\" srcset=\"https:\/\/purehemp.pl\/wp-content\/uploads\/2021\/04\/do-what-you-feel-in-your-heart-to-be-right-for-you-will-be-criticized-anyway.png 330w, https:\/\/purehemp.pl\/wp-content\/uploads\/2021\/04\/do-what-you-feel-in-your-heart-to-be-right-for-you-will-be-criticized-anyway-300x300.png 300w, https:\/\/purehemp.pl\/wp-content\/uploads\/2021\/04\/do-what-you-feel-in-your-heart-to-be-right-for-you-will-be-criticized-anyway-150x150.png 150w, https:\/\/purehemp.pl\/wp-content\/uploads\/2021\/04\/do-what-you-feel-in-your-heart-to-be-right-for-you-will-be-criticized-anyway-100x100.png 100w, https:\/\/purehemp.pl\/wp-content\/uploads\/2021\/04\/do-what-you-feel-in-your-heart-to-be-right-for-you-will-be-criticized-anyway-64x64.png 64w\" sizes=\"(max-width: 330px) 100vw, 330px\" \/>\n\t\t\t<\/dt><\/dl><dl class='gallery-item'>\n\t\t\t<dt class='gallery-icon landscape'>\n\t\t\t\t<img decoding=\"async\" width=\"330\" height=\"330\" src=\"https:\/\/purehemp.pl\/wp-content\/uploads\/2021\/04\/your-passion-is-waiting-for-your-courage-to-catch-up.png\" class=\"attachment-full size-full\" alt=\"your passion is waiting for your courage to catch up - Isabelle Lafleche\" srcset=\"https:\/\/purehemp.pl\/wp-content\/uploads\/2021\/04\/your-passion-is-waiting-for-your-courage-to-catch-up.png 330w, https:\/\/purehemp.pl\/wp-content\/uploads\/2021\/04\/your-passion-is-waiting-for-your-courage-to-catch-up-300x300.png 300w, https:\/\/purehemp.pl\/wp-content\/uploads\/2021\/04\/your-passion-is-waiting-for-your-courage-to-catch-up-150x150.png 150w, https:\/\/purehemp.pl\/wp-content\/uploads\/2021\/04\/your-passion-is-waiting-for-your-courage-to-catch-up-100x100.png 100w, https:\/\/purehemp.pl\/wp-content\/uploads\/2021\/04\/your-passion-is-waiting-for-your-courage-to-catch-up-64x64.png 64w\" sizes=\"(max-width: 330px) 100vw, 330px\" \/>\n\t\t\t<\/dt><\/dl><br style=\"clear: both\" \/><dl class='gallery-item'>\n\t\t\t<dt class='gallery-icon landscape'>\n\t\t\t\t<img decoding=\"async\" width=\"330\" height=\"330\" src=\"https:\/\/purehemp.pl\/wp-content\/uploads\/2021\/04\/nie-obudziles-sie-dzis-po-to-by-byc-przecietnym.png\" class=\"attachment-full size-full\" alt=\"you didn&#039;t wake up today to be average - Dishant Chavada\" srcset=\"https:\/\/purehemp.pl\/wp-content\/uploads\/2021\/04\/nie-obudziles-sie-dzis-po-to-by-byc-przecietnym.png 330w, https:\/\/purehemp.pl\/wp-content\/uploads\/2021\/04\/nie-obudziles-sie-dzis-po-to-by-byc-przecietnym-300x300.png 300w, https:\/\/purehemp.pl\/wp-content\/uploads\/2021\/04\/nie-obudziles-sie-dzis-po-to-by-byc-przecietnym-150x150.png 150w, https:\/\/purehemp.pl\/wp-content\/uploads\/2021\/04\/nie-obudziles-sie-dzis-po-to-by-byc-przecietnym-100x100.png 100w, https:\/\/purehemp.pl\/wp-content\/uploads\/2021\/04\/nie-obudziles-sie-dzis-po-to-by-byc-przecietnym-64x64.png 64w\" sizes=\"(max-width: 330px) 100vw, 330px\" \/>\n\t\t\t<\/dt><\/dl><dl class='gallery-item'>\n\t\t\t<dt class='gallery-icon landscape'>\n\t\t\t\t<img decoding=\"async\" width=\"330\" height=\"330\" src=\"https:\/\/purehemp.pl\/wp-content\/uploads\/2021\/04\/nawet-najciemniejsza-noc-kiedys-sie-konczy-i-wstaje-slonce.png\" class=\"attachment-full size-full\" alt=\"even the darkest night ends one day and the sun rises - victor hugo\" srcset=\"https:\/\/purehemp.pl\/wp-content\/uploads\/2021\/04\/nawet-najciemniejsza-noc-kiedys-sie-konczy-i-wstaje-slonce.png 330w, https:\/\/purehemp.pl\/wp-content\/uploads\/2021\/04\/nawet-najciemniejsza-noc-kiedys-sie-konczy-i-wstaje-slonce-300x300.png 300w, https:\/\/purehemp.pl\/wp-content\/uploads\/2021\/04\/nawet-najciemniejsza-noc-kiedys-sie-konczy-i-wstaje-slonce-150x150.png 150w, https:\/\/purehemp.pl\/wp-content\/uploads\/2021\/04\/nawet-najciemniejsza-noc-kiedys-sie-konczy-i-wstaje-slonce-100x100.png 100w, https:\/\/purehemp.pl\/wp-content\/uploads\/2021\/04\/nawet-najciemniejsza-noc-kiedys-sie-konczy-i-wstaje-slonce-64x64.png 64w\" sizes=\"(max-width: 330px) 100vw, 330px\" \/>\n\t\t\t<\/dt><\/dl><dl class='gallery-item'>\n\t\t\t<dt class='gallery-icon landscape'>\n\t\t\t\t<img decoding=\"async\" width=\"330\" height=\"330\" src=\"https:\/\/purehemp.pl\/wp-content\/uploads\/2021\/04\/niemozliwe-to-tylko-opinia.png\" class=\"attachment-full size-full\" alt=\"impossible is just an opinion - Paulo Coelho\" srcset=\"https:\/\/purehemp.pl\/wp-content\/uploads\/2021\/04\/niemozliwe-to-tylko-opinia.png 330w, https:\/\/purehemp.pl\/wp-content\/uploads\/2021\/04\/niemozliwe-to-tylko-opinia-300x300.png 300w, https:\/\/purehemp.pl\/wp-content\/uploads\/2021\/04\/niemozliwe-to-tylko-opinia-150x150.png 150w, https:\/\/purehemp.pl\/wp-content\/uploads\/2021\/04\/niemozliwe-to-tylko-opinia-100x100.png 100w, https:\/\/purehemp.pl\/wp-content\/uploads\/2021\/04\/niemozliwe-to-tylko-opinia-64x64.png 64w\" sizes=\"(max-width: 330px) 100vw, 330px\" \/>\n\t\t\t<\/dt><\/dl><br style=\"clear: both\" \/><dl class='gallery-item'>\n\t\t\t<dt class='gallery-icon landscape'>\n\t\t\t\t<img decoding=\"async\" width=\"330\" height=\"330\" src=\"https:\/\/purehemp.pl\/wp-content\/uploads\/2021\/04\/pesymista-widzi-trudnosci-w-kazdej-okazji-optymista-widzi-okazje-w-kazdej-trudnosci.png\" class=\"attachment-full size-full\" alt=\"The pessimist sees difficulty in every opportunity - The optimist sees opportunity in every difficulty - Winston Churchill\" srcset=\"https:\/\/purehemp.pl\/wp-content\/uploads\/2021\/04\/pesymista-widzi-trudnosci-w-kazdej-okazji-optymista-widzi-okazje-w-kazdej-trudnosci.png 330w, https:\/\/purehemp.pl\/wp-content\/uploads\/2021\/04\/pesymista-widzi-trudnosci-w-kazdej-okazji-optymista-widzi-okazje-w-kazdej-trudnosci-300x300.png 300w, https:\/\/purehemp.pl\/wp-content\/uploads\/2021\/04\/pesymista-widzi-trudnosci-w-kazdej-okazji-optymista-widzi-okazje-w-kazdej-trudnosci-150x150.png 150w, https:\/\/purehemp.pl\/wp-content\/uploads\/2021\/04\/pesymista-widzi-trudnosci-w-kazdej-okazji-optymista-widzi-okazje-w-kazdej-trudnosci-100x100.png 100w, https:\/\/purehemp.pl\/wp-content\/uploads\/2021\/04\/pesymista-widzi-trudnosci-w-kazdej-okazji-optymista-widzi-okazje-w-kazdej-trudnosci-64x64.png 64w\" sizes=\"(max-width: 330px) 100vw, 330px\" \/>\n\t\t\t<\/dt><\/dl><dl class='gallery-item'>\n\t\t\t<dt class='gallery-icon landscape'>\n\t\t\t\t<img decoding=\"async\" width=\"330\" height=\"330\" src=\"https:\/\/purehemp.pl\/wp-content\/uploads\/2021\/04\/no-one-is-you-and-that-is-your-power-1.png\" class=\"attachment-full size-full\" alt=\"no one is you and that is your power - pure hemp cbd\" srcset=\"https:\/\/purehemp.pl\/wp-content\/uploads\/2021\/04\/no-one-is-you-and-that-is-your-power-1.png 330w, https:\/\/purehemp.pl\/wp-content\/uploads\/2021\/04\/no-one-is-you-and-that-is-your-power-1-300x300.png 300w, https:\/\/purehemp.pl\/wp-content\/uploads\/2021\/04\/no-one-is-you-and-that-is-your-power-1-150x150.png 150w, https:\/\/purehemp.pl\/wp-content\/uploads\/2021\/04\/no-one-is-you-and-that-is-your-power-1-100x100.png 100w, https:\/\/purehemp.pl\/wp-content\/uploads\/2021\/04\/no-one-is-you-and-that-is-your-power-1-64x64.png 64w\" sizes=\"(max-width: 330px) 100vw, 330px\" \/>\n\t\t\t<\/dt><\/dl><dl class='gallery-item'>\n\t\t\t<dt class='gallery-icon landscape'>\n\t\t\t\t<img decoding=\"async\" width=\"330\" height=\"330\" src=\"https:\/\/purehemp.pl\/wp-content\/uploads\/2021\/04\/zamien-swoje-rany-w-madrosc.png\" class=\"attachment-full size-full\" alt=\"Turn your wounds into wisdom - Oprah Winfrey\" srcset=\"https:\/\/purehemp.pl\/wp-content\/uploads\/2021\/04\/zamien-swoje-rany-w-madrosc.png 330w, https:\/\/purehemp.pl\/wp-content\/uploads\/2021\/04\/zamien-swoje-rany-w-madrosc-300x300.png 300w, https:\/\/purehemp.pl\/wp-content\/uploads\/2021\/04\/zamien-swoje-rany-w-madrosc-150x150.png 150w, https:\/\/purehemp.pl\/wp-content\/uploads\/2021\/04\/zamien-swoje-rany-w-madrosc-100x100.png 100w, https:\/\/purehemp.pl\/wp-content\/uploads\/2021\/04\/zamien-swoje-rany-w-madrosc-64x64.png 64w\" sizes=\"(max-width: 330px) 100vw, 330px\" \/>\n\t\t\t<\/dt><\/dl><br style=\"clear: both\" \/>\n\t\t<\/div>\n\n<p>&nbsp;<\/p>\n<p>&nbsp;<\/p>\n<p>&nbsp;<\/p>","protected":false},"excerpt":{"rendered":"<p>Misja Purehemp.pl Wsp\u00f3\u0142tworzy\u0107 i wzmacnia\u0107 strumie\u0144 energii poprawiaj\u0105cej jako\u015b\u0107 \u017cycia ludzi pozostaj\u0105c w zgodzie z Bogiem, nauk\u0105, natur\u0105 i samym sob\u0105. Nasze warto\u015bci buduj\u0105 zaufanie: Kochamy ludzi i \u017cycie Nie czynimy z\u0142a Poszukujemy prawdy i rzetelnych informacji Zarabiamy na autentycznych produktach i warto\u015bciowym partnerstwie Wyrzekamy si\u0119 manipulacji Dobre czynimy lepszym Cenimy naukow\u0105 precyzj\u0119, artystyczn\u0105 pomys\u0142owo\u015b\u0107 [&hellip;]<\/p>\n","protected":false},"author":1,"featured_media":0,"parent":0,"menu_order":0,"comment_status":"closed","ping_status":"closed","template":"","meta":{"footnotes":""},"class_list":["post-2212","page","type-page","status-publish","hentry"],"acf":[],"_links":{"self":[{"href":"https:\/\/purehemp.pl\/en\/wp-json\/wp\/v2\/pages\/2212","targetHints":{"allow":["GET"]}}],"collection":[{"href":"https:\/\/purehemp.pl\/en\/wp-json\/wp\/v2\/pages"}],"about":[{"href":"https:\/\/purehemp.pl\/en\/wp-json\/wp\/v2\/types\/page"}],"author":[{"embeddable":true,"href":"https:\/\/purehemp.pl\/en\/wp-json\/wp\/v2\/users\/1"}],"replies":[{"embeddable":true,"href":"https:\/\/purehemp.pl\/en\/wp-json\/wp\/v2\/comments?post=2212"}],"version-history":[{"count":0,"href":"https:\/\/purehemp.pl\/en\/wp-json\/wp\/v2\/pages\/2212\/revisions"}],"wp:attachment":[{"href":"https:\/\/purehemp.pl\/en\/wp-json\/wp\/v2\/media?parent=2212"}],"curies":[{"name":"wp","href":"https:\/\/api.w.org\/{rel}","templated":true}]}}