{"id":1423,"date":"2020-05-08T18:02:17","date_gmt":"2020-05-08T16:02:17","guid":{"rendered":"https:\/\/purehemp.pl\/?page_id=1423"},"modified":"2022-06-26T12:02:24","modified_gmt":"2022-06-26T10:02:24","slug":"cbd-action","status":"publish","type":"page","link":"https:\/\/purehemp.pl\/en\/baza-wiedzy\/cbd-dzialanie\/","title":{"rendered":"CBD effects - what you can expect when using CBD"},"content":{"rendered":"<p style=\"text-align: left;\"><strong>Update:<\/strong> 29.06.2021<\/p>\n<h2 style=\"text-align: left;\">How are the effects of CBD felt?<\/h2>\n<p style=\"text-align: left;\">This is probably one of the most frequently asked questions. Everyone wants to know if and what they will feel when using CBD oils or vaporising dried hemp cbd, for example.<\/p>\n<p style=\"text-align: left;\"><strong>CBD does not intoxicate<\/strong>. This we know for sure. So there is no way you will feel the effects typical of recreational marijuana use. If this is what you are looking for then <a href=\"\/en\/cbd-oil\/\">CBD<\/a> is not for you.<\/p>\n<p style=\"text-align: left;\">The sensations accompanying the use of, for example, cbd oils, during vaporisation or during the use of the dry, have nothing to do with the psychoactive effects of prohibited substances on the central nervous system. Cannabinoid supplementation supports the normal function of the endocannabinoid system and thus <a href=\"\/en\/homeostasis\/\" data-schema-attribute=\"\">supports the body in maintaining a state of homeostasis<\/a>.<\/p>\n<p style=\"text-align: left;\">In the big picture, a state of homeostasis is experienced as natural and relaxed. There is no euphoria, excitement or excitement and the perception of reality is not skewed. Properly and safely used supplements with cbd <span style=\"text-decoration: underline;\">will not trigger<\/span> or the effect of sluggishness or drowsiness.<\/p>\n<p style=\"text-align: left;\">Even if the preparation contains the minimum legal amount of THC, there is not enough of it to cause any undesirable effect typical of this cannabinoid. Besides, as we also know, CBD acts in opposition to THC, neutralising its psychoactive effects. You will not feel the intoxicating effect when using cbd supplements.<\/p>\n<p style=\"text-align: left;\">Instead, there is such a healthy normality, freedom of thought and a sense of control over one's own emotionality.<\/p>\n<p style=\"text-align: left;\">Perception of the effects of CBD has a very <strong>individuality<\/strong>. I could describe my subjective feelings, but that would not exhaust the topic.<\/p>\n<p style=\"text-align: left;\">The most valuable source of information about how the effects of CBD are felt is, of course, the opinions of others.<\/p>\n<p style=\"text-align: left;\">Clients, patients, regular users of cbd supplements and recreational and lifestyle users.<\/p>\n<p style=\"text-align: left;\">From reading reviews of cbd supplements, it appears that <span style=\"text-decoration: underline;\">intensity<\/span> of sensation is dependent on the method of application - the faster the absorption, the higher the intensity, but also the shorter the duration of sensation.<\/p>\n<p style=\"text-align: left;\"><strong>For example:<\/strong> Hemp-dried cbd acts quickly and intensely, but the sensations last shorter than with the oil, where the sensations appear more slowly and are less intense, but last longer.<\/p>\n<h2 style=\"text-align: left;\">What internet users on forums are saying about the effects of cbd, the dried and the oils<\/h2>\n<p style=\"text-align: left;\">When it comes to <strong>CBD oil effects<\/strong> of this form of application is widely discussed and commented on in many threads, e.g. in the American online forum <a href=\"https:\/\/quora.com\" rel=\"nofollow noopener\" target=\"_blank\">Quora.com<\/a><\/p>\n<p style=\"text-align: left;\">In forum reviews on the effects of CBD oil used supplementally (in relatively low doses), we find terms such as:<\/p>\n<ul style=\"text-align: left;\">\n<li>mute<\/li>\n<li>calm<\/li>\n<li>relaxation<\/li>\n<li>relax<\/li>\n<li>cheer<\/li>\n<li>being rested<\/li>\n<li>mastery<\/li>\n<li>emotional balance<\/li>\n<li>Energy balance (but not an energy boost!)<\/li>\n<li>normality (a word used in the context of being oneself)<\/li>\n<li>control of emotions<\/li>\n<li>boldness<\/li>\n<li>minimisation of pain<\/li>\n<li>satisfaction<\/li>\n<li>minimising perceived stress and anxiety<\/li>\n<li>focus and concentration<\/li>\n<li>control of external stimuli<\/li>\n<li>minimising the pressure of negative, destructive thoughts<\/li>\n<\/ul>\n<p style=\"text-align: left;\"><img decoding=\"async\" class=\"aligncenter wp-image-1475 size-full\" src=\"https:\/\/purehemp.pl\/wp-content\/uploads\/2020\/05\/golden-cbd-dragon.png\" alt=\"cbd action - old &amp; wise golden cbd dragon \" width=\"694\" height=\"720\" srcset=\"https:\/\/purehemp.pl\/wp-content\/uploads\/2020\/05\/golden-cbd-dragon.png 694w, https:\/\/purehemp.pl\/wp-content\/uploads\/2020\/05\/golden-cbd-dragon-289x300.png 289w, https:\/\/purehemp.pl\/wp-content\/uploads\/2020\/05\/golden-cbd-dragon-600x622.png 600w, https:\/\/purehemp.pl\/wp-content\/uploads\/2020\/05\/golden-cbd-dragon-64x66.png 64w\" sizes=\"(max-width: 694px) 100vw, 694px\" \/><\/p>\n<h2 style=\"text-align: left;\">How long does CBD last?<\/h2>\n<p style=\"text-align: left;\">The duration of CBD's effect in the body ranges from 2-6 hours. Some sources state that <strong>CBD effects<\/strong> It is effective for up to 8 hours. After this time, it ceases to be effective, but still remains in the body until eliminated - you will read more about this later.<\/p>\n<p style=\"text-align: left;\"><strong>The effective effect of CBD over time is dependent on several factors:<\/strong><\/p>\n<ol style=\"text-align: left;\">\n<li><strong>Body masses<\/strong><\/li>\n<\/ol>\n<p style=\"text-align: left;\">The rule of thumb is simple, the more body weight and body fat the more CBD is needed for it to work effectively and the longer it lasts in the body. When it comes to <strong>CBD effects<\/strong> is also dependent on, among other things, BMI (Body Mass Index) and hydration levels.<\/p>\n<ol style=\"text-align: left;\" start=\"2\">\n<li><strong>Metabolism<\/strong><\/li>\n<\/ol>\n<p style=\"text-align: left;\">From the moment CBD enters the body, its effects are subject to processes of absorption and metabolism. CBD is absorbed, 'used up' and its enzymatic breakdown takes place. The duration of this process is individual and depends on the rate of metabolism and available liver enzyme resources.<\/p>\n<ol style=\"text-align: left;\" start=\"3\">\n<li><strong>Dose volumes<\/strong><\/li>\n<\/ol>\n<p style=\"text-align: left;\">As with most substances, the higher the dose of CBD, the longer it stays in the body. However, it is worth remembering that we are looking for the optimum, minimum dose. Excessive consumption of cannabinoids is neither beneficial nor necessary in terms of their effects. CBD oil is used supplementally in microdoses.<\/p>\n<ol style=\"text-align: left;\" start=\"4\">\n<li><strong>Frequencies of application<\/strong><\/li>\n<\/ol>\n<p style=\"text-align: left;\">St\u0119\u017cenie CBD w organizmie ro\u015bnie z czasem, a dynamika tego wzrostu jest zale\u017cna od cz\u0119stotliwo\u015bci aplikacji i regularno\u015bci stosowania. Aby w pe\u0142ni oceni\u0107 czy CBD jest skuteczne w twoim przypadku rekomendujemy regularne stosowanie przez co najmniej tydzie\u0144. Okazjonalne stosowanie wi\u0105\u017ce si\u0119 z kr\u00f3tszym czasem efektywnego dzia\u0142ania CBD w organizmie.<\/p>\n<ol style=\"text-align: left;\" start=\"5\">\n<li><strong>Method of application<\/strong><\/li>\n<\/ol>\n<p style=\"text-align: left;\">Different ways and forms of using CBD mean different lengths of effect. The rule of thumb is that the more easily CBD is absorbed, the shorter the effect lasts. The fastest <strong>CBD effects<\/strong> shows with vaping\/vaporisation, but also the effect lasts the shortest (2-3 hours). CBD oils absorb more slowly, but the effect lasts longer (4-6 hours). The use of CBD capsules and foods is from 1-2 hours for the effect to appear and 6-8 hours for the effect to last. CBD applied topically in the form of creams, lotions or skin serums should begin to take effect in as little as a few minutes, and the duration of effect is similar to that of oils.<\/p>\n<ol style=\"text-align: left;\" start=\"6\">\n<li><strong>Food and diet<\/strong><\/li>\n<\/ol>\n<p style=\"text-align: left;\">What you eat, how much you eat and when you eat affects what kind of <strong>CBD effects<\/strong> will have in your case. CBD used 'on an empty stomach' will be absorbed more slowly and metabolised for a shorter time with less strain on the liver. It will also be eliminated from the body more quickly. This is not always possible especially in the afternoon or evening.<\/p>\n<ol style=\"text-align: left;\" start=\"6\">\n<li><strong>Age<\/strong><\/li>\n<\/ol>\n<p style=\"text-align: left;\">From talking to clients and analysing posts and comments on forums and discussion groups about the effects of CBD, it can be concluded that <strong>the perceived effectiveness of CBD increases with age<\/strong>. Perhaps the reason for this is the body's natural \"wear and tear\" of the ageing process. As we get older, physical activity decreases, ailments and dysfunctions increase and the body's ability to maintain a state of homeostasis probably diminishes.<\/p>\n<h2 style=\"text-align: left;\">Does the body build up a tolerance to cannabidiol?<\/h2>\n<p style=\"text-align: left;\">Some sources indicate that the body <strong>does not build up CBD tolerance<\/strong>. In most people, the effective dose should remain constant over time. However, there are studies indicating that <strong>some individuals may develop resistance<\/strong> on the effects of CBD over time. <a href=\"\/en\/knowledge-base\/cbd-dosage-how-to-use-cbd-oil\/\">Effective dose<\/a> can therefore in some cases increase with the length of use. Sources state that the process of building up tolerance progresses slowly which means that jumping up the dose should not be necessary. It is advisable to take a break of 2 to 4 weeks in supplementation from time to time.<\/p>\n<h2 style=\"text-align: left;\">How fast does CBD work?<\/h2>\n<p style=\"text-align: left;\">There have already been a few words on this subject.<\/p>\n<p style=\"text-align: left;\">If you want to know how fast CBD works I refer you to the topic <a href=\"\/en\/knowledge-base\/bioavailability-of-cbd-absorption-source\/\">bioavailability of CBD<\/a>.<\/p>\n<p style=\"text-align: left;\">This article will also help you decide which method of application to choose. Basically, the speed of action depends on the method of application, the type of product and the individual predisposition\/parameters of the body.<\/p>\n<p style=\"text-align: left;\">The speed of action ranges from about 5-15 minutes for vaping, a little longer for CBD oil drops applied sublingually, up to 1-2 hours for CBD food products (including <a href=\"\/en\/hemp-cbd-capsules\/\">CBD capsules<\/a>).<\/p>\n<h2 style=\"text-align: left;\">How long does CBD remain in the body?<\/h2>\n<p style=\"text-align: left;\">It's<strong> how long CBD remains in the body<\/strong> is basically no problem or cause for concern. CBD is fully legal due to its lack of intoxicating effects and therefore<strong> drug tests<\/strong> do not cover this chemical compound at all.<\/p>\n<p style=\"text-align: left;\">For those interested in the topic of how long CBD remains in the body, I would like to explain that this refers to the so-called biological half-life of cannabidiol. This parameter determines how much time must elapse before it is removed <u>fishing<\/u> the amount of CBD consumed from the body.<\/p>\n<p style=\"text-align: left;\">I found four studies in this area:<\/p>\n<ul style=\"text-align: left;\">\n<li><a href=\"https:\/\/www.ncbi.nlm.nih.gov\/m\/pubmed\/2937482\/\" rel=\"nofollow noopener\" target=\"_blank\">1986 study<\/a> showed that a single dose remains in the body for 18 to 30 hours for intravenous injections and 27 to 35 hours for smoking dried CBD<\/li>\n<li><a href=\"https:\/\/www.ncbi.nlm.nih.gov\/m\/pubmed\/1666917\/\" rel=\"nofollow noopener\" target=\"_blank\">1991 survey<\/a> indicated that CBD taken orally at a dose of as much as 700mg\/day for 6 weeks showed a half-life of 2-5 days<\/li>\n<li><a href=\"https:\/\/www.ncbi.nlm.nih.gov\/pmc\/articles\/PMC3763649\/\" rel=\"nofollow noopener\" target=\"_blank\">2012 survey<\/a> showed 27 to 35 hours in the case of dry smoking and 2-5 days in the case of oral use<\/li>\n<li><a href=\"https:\/\/www.ncbi.nlm.nih.gov\/pmc\/articles\/PMC4189631\/\" rel=\"nofollow noopener\" target=\"_blank\">2014 survey<\/a> showed that for a single oral dose, the biological half-life of CBD was approximately 1-2 days<\/li>\n<\/ul>\n<p style=\"text-align: left;\">Half-life is not the same as enzymatic breakdown. Enzymatic breakdown, as I have already written, occurs in about 4-6 hours. After this time, CBD ceases to act, but remains in the body in this 'used up, non-functioning form' until it is eliminated from the system.<\/p>\n<p style=\"text-align: left;\">What you should look out for is the THC content of cbd oil. If you're concerned about this psychoactive cannabinoid, it's worth knowing that full spectrum preparations contain all naturally occurring cannabinoids in the cannabis plant, including THC.<\/p>\n<p style=\"text-align: left;\">Broad spectrum preparations are stripped of THC through a chemical process.<\/p>\n<p style=\"text-align: left;\">CBD crystals, on the other hand, unlike cbd full spectrum oil, contain basically only CBD (+ a bit of terpenes and flavonoids).<\/p>\n<h2 style=\"text-align: left;\">How does CBD work in pregnancy and during breastfeeding?<\/h2>\n<p style=\"text-align: left;\">The scientific world has still not clarified what <strong>CBD effects<\/strong> shows for pregnant and breastfeeding women.<\/p>\n<p style=\"text-align: left;\">Since we know virtually nothing about this, the use of cannabidiol is discouraged for both pregnant and breastfeeding women. What I do know for sure is that small but nevertheless small amounts of CBD are transferred with breast milk into the baby's body.<\/p>\n<p style=\"text-align: left;\">When it comes to <strong>effects of CBD <\/strong>and cannabinoids on infants is, at the moment, no research, and therefore simply should not be used. This recommendation is important especially when it comes to preparations containing even legal amounts of THC.<\/p>\n<p style=\"text-align: left;\">If you are looking for high quality cbd full spectrum hemp oils, hemp capsules or cbd crystals we invite you to take advantage of our CBD shop:<\/p>\n<p style=\"text-align: left;\"><div class=\"woocommerce columns-3\"><div class=\"products products-list columns-3\">\n<div class=\"item product type-product post-16 status-publish first outofstock product_cat-olejek-cbd product_tag-olej-cbd-10 product_tag-olejek-cbd-10 product_tag-olejek-konopny-10 has-post-thumbnail featured taxable shipping-taxable purchasable product-type-simple\">\n    \n<div class=\"product-box\">\n    \n    <div class=\"product-box-header\">\n        <a href=\"https:\/\/purehemp.pl\/en\/olej-cbd-10-konopny\/\" class=\"woocommerce-LoopProduct-link woocommerce-loop-product__link\"><img decoding=\"async\" width=\"450\" height=\"450\" src=\"https:\/\/purehemp.pl\/wp-content\/uploads\/2019\/07\/olejek-cbd-10-procent-450x450.jpg\" class=\"attachment-woocommerce_thumbnail size-woocommerce_thumbnail\" alt=\"cbd oil 10% - cbd 10 oil - cbd 10 per cent - Purehemp.co.uk shop\" srcset=\"https:\/\/purehemp.pl\/wp-content\/uploads\/2019\/07\/olejek-cbd-10-procent-450x450.jpg 450w, https:\/\/purehemp.pl\/wp-content\/uploads\/2019\/07\/olejek-cbd-10-procent-150x150.jpg 150w, https:\/\/purehemp.pl\/wp-content\/uploads\/2019\/07\/olejek-cbd-10-procent-100x100.jpg 100w, https:\/\/purehemp.pl\/wp-content\/uploads\/2019\/07\/olejek-cbd-10-procent-64x64.jpg 64w\" sizes=\"(max-width: 450px) 100vw, 450px\" \/><\/a>    <\/div>\n    <div class=\"product-box-body\">\n    <a href=\"https:\/\/purehemp.pl\/en\/olej-cbd-10-konopny\/\" class=\"woocommerce-LoopProduct-link woocommerce-loop-product__link\"><p class=\"woocommerce-loop-product__title\">Full Spectrum hemp CBD oil 10%<\/p><\/a><div class=\"woocommerce-custom-text-portion\">10 ml | 1000 mg CBD<\/div>        <p class=\"stock out-of-stock\"><span class=\"stock-icon\"><\/span> Out of stock<\/p>\n    <\/div>\n    <div class=\"product-box-footer\">\n        \n\t<div class=\"price product-box-price\"><span class=\"woocommerce-Price-amount amount\"><bdi>49,90<span class=\"woocommerce-Price-currencySymbol\">&#122;&#322;<\/span><\/bdi><\/span><\/div>\n\n<a href=\"https:\/\/purehemp.pl\/en\/olej-cbd-10-konopny\/\" data-quantity=\"1\" class=\"button product_type_simple product-box-buy disabled\" data-product_id=\"16\" data-product_sku=\"cbd10%\" aria-label=\"Read more about \u201cOlej CBD 10% konopny Full Spectrum\u201d\" rel=\"nofollow\" data-success_message=\"\" data-no-translation-aria-label=\"\">Buy now<\/a>    <\/div>\n\n    <\/div>\n\n\n\n<\/div>\n<div class=\"item product type-product post-15 status-publish outofstock product_cat-olejek-cbd product_tag-olej-cbd-3 product_tag-olejek-cbd-3 product_tag-olejek-konopny-3 has-post-thumbnail featured taxable shipping-taxable purchasable product-type-simple\">\n    \n<div class=\"product-box\">\n    \n    <div class=\"product-box-header\">\n        <a href=\"https:\/\/purehemp.pl\/en\/olej-cbd-3-konopny\/\" class=\"woocommerce-LoopProduct-link woocommerce-loop-product__link\"><img decoding=\"async\" width=\"450\" height=\"450\" src=\"https:\/\/purehemp.pl\/wp-content\/uploads\/2019\/07\/olej-cbd-3-cbd-olej-3-450x450.jpg\" class=\"attachment-woocommerce_thumbnail size-woocommerce_thumbnail\" alt=\"cbd 3% - cbd 3 oil - cbd 3 - Purehemp.co.uk\" srcset=\"https:\/\/purehemp.pl\/wp-content\/uploads\/2019\/07\/olej-cbd-3-cbd-olej-3-450x450.jpg 450w, https:\/\/purehemp.pl\/wp-content\/uploads\/2019\/07\/olej-cbd-3-cbd-olej-3-150x150.jpg 150w, https:\/\/purehemp.pl\/wp-content\/uploads\/2019\/07\/olej-cbd-3-cbd-olej-3-100x100.jpg 100w, https:\/\/purehemp.pl\/wp-content\/uploads\/2019\/07\/olej-cbd-3-cbd-olej-3-64x63.jpg 64w\" sizes=\"(max-width: 450px) 100vw, 450px\" \/><\/a>    <\/div>\n    <div class=\"product-box-body\">\n    <a href=\"https:\/\/purehemp.pl\/en\/olej-cbd-3-konopny\/\" class=\"woocommerce-LoopProduct-link woocommerce-loop-product__link\"><p class=\"woocommerce-loop-product__title\">Full Spectrum hemp CBD oil 3%<\/p><\/a><div class=\"woocommerce-custom-text-portion\">10 ml | CBD | CBDA | CBG<\/div>        <p class=\"stock out-of-stock\"><span class=\"stock-icon\"><\/span> Out of stock<\/p>\n    <\/div>\n    <div class=\"product-box-footer\">\n        \n\t<div class=\"price product-box-price\"><span class=\"woocommerce-Price-amount amount\"><bdi>30,00<span class=\"woocommerce-Price-currencySymbol\">&#122;&#322;<\/span><\/bdi><\/span><\/div>\n\n<a href=\"https:\/\/purehemp.pl\/en\/olej-cbd-3-konopny\/\" data-quantity=\"1\" class=\"button product_type_simple product-box-buy disabled\" data-product_id=\"15\" data-product_sku=\"cbd3%\" aria-label=\"Read more about \u201cOlej CBD 3% konopny Full Spectrum\u201d\" rel=\"nofollow\" data-success_message=\"\" data-no-translation-aria-label=\"\">Buy now<\/a>    <\/div>\n\n    <\/div>\n\n\n\n<\/div>\n<\/div>\n<\/div><\/p>\n<p style=\"text-align: left;\"><div class=\"woocommerce columns-3\"><div class=\"products products-list columns-3\">\n<div class=\"item product type-product post-4818 status-publish first outofstock product_cat-kapsulki-cbd-konopne has-post-thumbnail sale taxable shipping-taxable purchasable product-type-simple\">\n    \n<div class=\"product-box\">\n    \n    <div class=\"product-box-header\">\n        <a href=\"https:\/\/purehemp.pl\/en\/kapsulki-cbd-1500mg-full-spectrum-60-szt\/\" class=\"woocommerce-LoopProduct-link woocommerce-loop-product__link\">\n\t<span class=\"onsale\" data-no-translation=\"\" data-trp-gettext=\"\">Sale!<\/span>\n<img decoding=\"async\" width=\"450\" height=\"450\" src=\"https:\/\/purehemp.pl\/wp-content\/uploads\/2021\/04\/Kapsulki-CBD-Full-Spectrum-1500-miligramow-CBD-60-sztuk-450x450.jpg\" class=\"attachment-woocommerce_thumbnail size-woocommerce_thumbnail\" alt=\"Cbd 1500mg capsules - 60 pieces - 25mg per capsule - Full Spectrum\" srcset=\"https:\/\/purehemp.pl\/wp-content\/uploads\/2021\/04\/Kapsulki-CBD-Full-Spectrum-1500-miligramow-CBD-60-sztuk-450x450.jpg 450w, https:\/\/purehemp.pl\/wp-content\/uploads\/2021\/04\/Kapsulki-CBD-Full-Spectrum-1500-miligramow-CBD-60-sztuk-150x150.jpg 150w, https:\/\/purehemp.pl\/wp-content\/uploads\/2021\/04\/Kapsulki-CBD-Full-Spectrum-1500-miligramow-CBD-60-sztuk-100x100.jpg 100w\" sizes=\"(max-width: 450px) 100vw, 450px\" \/><\/a>    <\/div>\n    <div class=\"product-box-body\">\n    <a href=\"https:\/\/purehemp.pl\/en\/kapsulki-cbd-1500mg-full-spectrum-60-szt\/\" class=\"woocommerce-LoopProduct-link woocommerce-loop-product__link\"><p class=\"woocommerce-loop-product__title\">CBD capsules 1500mg Full Spectrum | 60 pcs.<\/p><\/a><div class=\"woocommerce-custom-text-portion\">1500mg CBD+CBDA<\/div>        <p class=\"stock out-of-stock\"><span class=\"stock-icon\"><\/span> Out of stock<\/p>\n    <\/div>\n    <div class=\"product-box-footer\">\n        \n\t<div class=\"price product-box-price\"><del aria-hidden=\"true\"><span class=\"woocommerce-Price-amount amount\"><bdi>118,00<span class=\"woocommerce-Price-currencySymbol\">&#122;&#322;<\/span><\/bdi><\/span><\/del> <span class=\"screen-reader-text\" data-no-translation=\"\" data-trp-gettext=\"\">Original price was: 118,00&#122;&#322;.<\/span><ins aria-hidden=\"true\"><span class=\"woocommerce-Price-amount amount\"><bdi>99,00<span class=\"woocommerce-Price-currencySymbol\">&#122;&#322;<\/span><\/bdi><\/span><\/ins><span class=\"screen-reader-text\" data-no-translation=\"\" data-trp-gettext=\"\">Current price is: 99,00&#122;&#322;.<\/span><\/div>\n\n<a href=\"https:\/\/purehemp.pl\/en\/kapsulki-cbd-1500mg-full-spectrum-60-szt\/\" data-quantity=\"1\" class=\"button product_type_simple product-box-buy disabled\" data-product_id=\"4818\" data-product_sku=\"kCBD25-1\" aria-label=\"Read more about \u201cKapsu\u0142ki CBD 1500mg Full Spectrum | 60 szt\u201d\" rel=\"nofollow\" data-success_message=\"\" data-no-translation-aria-label=\"\">Buy now<\/a>    <\/div>\n\n    <\/div>\n\n\n\n<\/div>\n<div class=\"item product type-product post-4819 status-publish outofstock product_cat-kapsulki-cbd-konopne product_tag-0-thc product_tag-broad-spectrum has-post-thumbnail taxable shipping-taxable purchasable product-type-simple\">\n    \n<div class=\"product-box\">\n    \n    <div class=\"product-box-header\">\n        <a href=\"https:\/\/purehemp.pl\/en\/kapsulki-cbd-750mg-broad-spectrum-0-thc-30-szt\/\" class=\"woocommerce-LoopProduct-link woocommerce-loop-product__link\"><img decoding=\"async\" width=\"450\" height=\"450\" src=\"https:\/\/purehemp.pl\/wp-content\/uploads\/2021\/04\/Kapsulki-CBD-broad-spectrum-750-miligramow-CBD-0-THC-30-sztuk-450x450.jpg\" class=\"attachment-woocommerce_thumbnail size-woocommerce_thumbnail\" alt=\"CBD Broad Spectrum 0% THC capsules 750 milligrams of cannabidiol 30 units times 25 mg per capsule\" srcset=\"https:\/\/purehemp.pl\/wp-content\/uploads\/2021\/04\/Kapsulki-CBD-broad-spectrum-750-miligramow-CBD-0-THC-30-sztuk-450x450.jpg 450w, https:\/\/purehemp.pl\/wp-content\/uploads\/2021\/04\/Kapsulki-CBD-broad-spectrum-750-miligramow-CBD-0-THC-30-sztuk-150x150.jpg 150w, https:\/\/purehemp.pl\/wp-content\/uploads\/2021\/04\/Kapsulki-CBD-broad-spectrum-750-miligramow-CBD-0-THC-30-sztuk-100x100.jpg 100w\" sizes=\"(max-width: 450px) 100vw, 450px\" \/><\/a>    <\/div>\n    <div class=\"product-box-body\">\n    <a href=\"https:\/\/purehemp.pl\/en\/kapsulki-cbd-750mg-broad-spectrum-0-thc-30-szt\/\" class=\"woocommerce-LoopProduct-link woocommerce-loop-product__link\"><p class=\"woocommerce-loop-product__title\">CBD 750mg Broad Spectrum 0% THC capsules | 30 pcs.<\/p><\/a><div class=\"woocommerce-custom-text-portion\">CBD+CBDA | 0%THC<\/div>        <p class=\"stock out-of-stock\"><span class=\"stock-icon\"><\/span> Out of stock<\/p>\n    <\/div>\n    <div class=\"product-box-footer\">\n        \n\t<div class=\"price product-box-price\"><span class=\"woocommerce-Price-amount amount\"><bdi>99,00<span class=\"woocommerce-Price-currencySymbol\">&#122;&#322;<\/span><\/bdi><\/span><\/div>\n\n<a href=\"https:\/\/purehemp.pl\/en\/kapsulki-cbd-750mg-broad-spectrum-0-thc-30-szt\/\" data-quantity=\"1\" class=\"button product_type_simple product-box-buy disabled\" data-product_id=\"4819\" data-product_sku=\"kCBD25-2\" aria-label=\"Read more about \u201cKapsu\u0142ki CBD 750mg Broad Spectrum 0% THC | 30 szt\u201d\" rel=\"nofollow\" data-success_message=\"\" data-no-translation-aria-label=\"\">Buy now<\/a>    <\/div>\n\n    <\/div>\n\n\n\n<\/div>\n<\/div>\n<\/div><\/p>\n<p style=\"text-align: left;\">You can find disclaimers regarding the content published on the pages of the knowledge base by clicking\u00a0<a href=\"https:\/\/purehemp.pl\/en\/disclaimer\/\" rel=\"nofollow\" data-schema-attribute=\"\">here<\/a>.<\/p>","protected":false},"excerpt":{"rendered":"<p>As for CBD, the effects of this cannabinoid in terms of mechanisms, areas, properties, advantages and side effects have already been discussed by me in other articles. This article will focus on answering some common questions about CBD and its effects. And these, in addition to its already obvious therapeutic qualities, also involve subjective assessments of how its effects are felt by individual users. A bit of effort spent analysing posts on online forums has resulted in this article, which I hope broadens a little the context for looking at the issue of how CBD works and the effects you can expect.<\/p>","protected":false},"author":1,"featured_media":1424,"parent":54,"menu_order":0,"comment_status":"closed","ping_status":"closed","template":"page-knowledge.php","meta":{"footnotes":""},"class_list":["post-1423","page","type-page","status-publish","has-post-thumbnail","hentry"],"acf":[],"_links":{"self":[{"href":"https:\/\/purehemp.pl\/en\/wp-json\/wp\/v2\/pages\/1423","targetHints":{"allow":["GET"]}}],"collection":[{"href":"https:\/\/purehemp.pl\/en\/wp-json\/wp\/v2\/pages"}],"about":[{"href":"https:\/\/purehemp.pl\/en\/wp-json\/wp\/v2\/types\/page"}],"author":[{"embeddable":true,"href":"https:\/\/purehemp.pl\/en\/wp-json\/wp\/v2\/users\/1"}],"replies":[{"embeddable":true,"href":"https:\/\/purehemp.pl\/en\/wp-json\/wp\/v2\/comments?post=1423"}],"version-history":[{"count":0,"href":"https:\/\/purehemp.pl\/en\/wp-json\/wp\/v2\/pages\/1423\/revisions"}],"up":[{"embeddable":true,"href":"https:\/\/purehemp.pl\/en\/wp-json\/wp\/v2\/pages\/54"}],"wp:featuredmedia":[{"embeddable":true,"href":"https:\/\/purehemp.pl\/en\/wp-json\/wp\/v2\/media\/1424"}],"wp:attachment":[{"href":"https:\/\/purehemp.pl\/en\/wp-json\/wp\/v2\/media?parent=1423"}],"curies":[{"name":"wp","href":"https:\/\/api.w.org\/{rel}","templated":true}]}}